{"id":10,"date":"2017-01-06T23:09:00","date_gmt":"2017-01-06T23:09:00","guid":{"rendered":"http:\/\/www.contenidosdinamicos.com.mx\/vera_bmhm\/?page_id=10"},"modified":"2022-02-20T09:18:39","modified_gmt":"2022-02-20T15:18:39","slug":"body-heart-and-movement","status":"publish","type":"page","link":"http:\/\/www.veragallegos.com\/hm\/","title":{"rendered":"Inicio"},"content":{"rendered":"<hr class=\"wp-block-separator\"\/>\n\n\n\n<div class=\"wp-block-cover is-light\" style=\"min-height:243px;aspect-ratio:unset;\"><span aria-hidden=\"true\" class=\"has-white-background-color has-background-dim-70 wp-block-cover__gradient-background has-background-dim\"><\/span><img loading=\"lazy\" decoding=\"async\" width=\"600\" height=\"600\" class=\"wp-block-cover__image-background wp-image-1914\" alt=\"\" src=\"http:\/\/www.veragallegos.com\/hm\/wp-content\/uploads\/2022\/02\/espaldas.jpg\" style=\"object-position:56% 78%\" data-object-fit=\"cover\" data-object-position=\"56% 78%\" srcset=\"http:\/\/www.veragallegos.com\/hm\/wp-content\/uploads\/2022\/02\/espaldas.jpg 600w, http:\/\/www.veragallegos.com\/hm\/wp-content\/uploads\/2022\/02\/espaldas-300x300.jpg 300w, http:\/\/www.veragallegos.com\/hm\/wp-content\/uploads\/2022\/02\/espaldas-150x150.jpg 150w\" sizes=\"auto, (max-width: 600px) 100vw, 600px\" \/><div class=\"wp-block-cover__inner-container is-layout-flow wp-block-cover-is-layout-flow\">\n<h2 class=\"has-text-align-center wp-block-heading\" id=\"heart-movement-es-un-proyecto-orientado-hacia-la-salud-que-promueve-la-busqueda-de-bienestar-y-el-autoconocimiento-por-medio-del-movimiento-consciente-del-cuerpo-guiado-por-el-siempre-fiel-y-sabio-generador-de-vida-el-corazon\" style=\"font-style:normal;font-weight:500\"><strong>Heart &amp; Movement <\/strong>es un proyecto orientado hacia la <strong>salud<\/strong> que promueve la b\u00fasqueda de <strong>bienestar<\/strong> y el <strong>autoconocimiento<\/strong> por medio del <strong>movimiento consciente<\/strong> del cuerpo, guiado por el siempre fiel y sabio generador de vida, el<strong> coraz\u00f3n.<\/strong><\/h2>\n<\/div><\/div>\n\n\n\n<hr class=\"wp-block-separator\"\/>\n\n\n\n<div class=\"wp-block-image\"><figure class=\"alignleft is-resized\"><img loading=\"lazy\" decoding=\"async\" src=\"http:\/\/www.veragallegos.com\/hm\/wp-content\/uploads\/2017\/01\/giphy.gif\" alt=\"\" class=\"wp-image-115\" width=\"355\" height=\"530\"\/><\/figure><\/div>\n\n\n\n<p class=\"has-black-color has-text-color\" style=\"font-size:18px\">\u00a0\u00a0\u00a0 La inquietud de <strong>conocer m\u00e1s del cuerpo como casa y aliado, as\u00ed como su forma particular de expresi\u00f3n y relaci\u00f3n<\/strong>, ha ido creciendo a trav\u00e9s de los a\u00f1os. El proyecto comenz\u00f3 como un espacio f\u00edsico, un estudio en Guadalajara, en el 2006, para posteriormente transformarse y llevar consigo una <em>variedad de clases y pr\u00e1cticas<\/em> a otros espacios y p\u00fablicos.<\/p>\n\n\n\n<p class=\"has-black-color has-text-color\" style=\"font-size:18px\">\u00a0\u00a0\u00a0\u00a0 Hoy en d\u00eda <strong>Heart &amp; Movement <\/strong>se ha transformado en una propuesta de <strong>ense\u00f1anza e investigaci\u00f3n constante de nosotros mismos a trav\u00e9s del sentir, el movimiento y la expresi\u00f3n corporal conectada al saber del coraz\u00f3n.<\/strong><\/p>\n\n\n\n<p class=\"has-black-color has-text-color\" style=\"font-size:18px\">\u00a0\u00a0\u00a0\u00a0 <strong>Heart &amp; Movement<\/strong> promueve diversas t\u00e9cnicas y estilos de trabajo con el cuerpo plasmadas en clases y talleres que conjugan habilidades provenientes de la <em>danza, yoga, pilates, y otras escuelas.<\/em><\/p>","protected":false},"excerpt":{"rendered":"<p>\u00a0\u00a0\u00a0 La inquietud de conocer m\u00e1s del cuerpo como casa y aliado, as\u00ed como su forma particular de expresi\u00f3n y relaci\u00f3n, ha ido creciendo a trav\u00e9s de los a\u00f1os. El proyecto comenz\u00f3 como un espacio f\u00edsico, un estudio en Guadalajara, en el 2006, para posteriormente transformarse y llevar consigo una variedad de clases y pr\u00e1cticas<br \/><a class=\"btn btn-tislider blog-readmore\" href=\"http:\/\/www.veragallegos.com\/hm\/\">Leer m\u00e1s<\/a><\/p>\n","protected":false},"author":1,"featured_media":0,"parent":0,"menu_order":0,"comment_status":"closed","ping_status":"closed","template":"","meta":{"footnotes":""},"class_list":["post-10","page","type-page","status-publish","hentry"],"_links":{"self":[{"href":"http:\/\/www.veragallegos.com\/hm\/wp-json\/wp\/v2\/pages\/10","targetHints":{"allow":["GET"]}}],"collection":[{"href":"http:\/\/www.veragallegos.com\/hm\/wp-json\/wp\/v2\/pages"}],"about":[{"href":"http:\/\/www.veragallegos.com\/hm\/wp-json\/wp\/v2\/types\/page"}],"author":[{"embeddable":true,"href":"http:\/\/www.veragallegos.com\/hm\/wp-json\/wp\/v2\/users\/1"}],"replies":[{"embeddable":true,"href":"http:\/\/www.veragallegos.com\/hm\/wp-json\/wp\/v2\/comments?post=10"}],"version-history":[{"count":57,"href":"http:\/\/www.veragallegos.com\/hm\/wp-json\/wp\/v2\/pages\/10\/revisions"}],"predecessor-version":[{"id":1966,"href":"http:\/\/www.veragallegos.com\/hm\/wp-json\/wp\/v2\/pages\/10\/revisions\/1966"}],"wp:attachment":[{"href":"http:\/\/www.veragallegos.com\/hm\/wp-json\/wp\/v2\/media?parent=10"}],"curies":[{"name":"wp","href":"https:\/\/api.w.org\/{rel}","templated":true}]}}