{"id":1031,"date":"2022-02-03T19:47:20","date_gmt":"2022-02-04T01:47:20","guid":{"rendered":"http:\/\/www.veragallegos.com\/hm\/?page_id=1031"},"modified":"2022-02-19T01:58:27","modified_gmt":"2022-02-19T07:58:27","slug":"danza","status":"publish","type":"page","link":"http:\/\/www.veragallegos.com\/hm\/danza\/","title":{"rendered":"Danza"},"content":{"rendered":"<div class=\"wp-block-media-text alignwide is-stacked-on-mobile\"><figure class=\"wp-block-media-text__media\"><img loading=\"lazy\" decoding=\"async\" width=\"742\" height=\"1024\" src=\"http:\/\/www.veragallegos.com\/hm\/wp-content\/uploads\/2017\/10\/La-caida-01-742x1024.jpg\" alt=\"\" class=\"wp-image-307 size-full\" srcset=\"http:\/\/www.veragallegos.com\/hm\/wp-content\/uploads\/2017\/10\/La-caida-01-742x1024.jpg 742w, http:\/\/www.veragallegos.com\/hm\/wp-content\/uploads\/2017\/10\/La-caida-01-217x300.jpg 217w, http:\/\/www.veragallegos.com\/hm\/wp-content\/uploads\/2017\/10\/La-caida-01-768x1061.jpg 768w, http:\/\/www.veragallegos.com\/hm\/wp-content\/uploads\/2017\/10\/La-caida-01.jpg 840w\" sizes=\"auto, (max-width: 742px) 100vw, 742px\" \/><\/figure><div class=\"wp-block-media-text__content\">\n<h2 class=\"has-text-align-center has-black-color has-text-color wp-block-heading\" id=\"bailarina\">Bailarina<\/h2>\n\n\n\n<hr class=\"wp-block-separator\"\/>\n\n\n\n<p class=\"has-black-color has-text-color\" style=\"font-size:18px\">Soy bailarina profesional de Danza Contempor\u00e1nea con entrenamiento en t\u00e9cnica Graham y Lim\u00f3n principalmente, he complementado con Ballet cl\u00e1sico, Jazz y otros estilos experimentales y tecnicas som\u00e1ticas. <\/p>\n\n\n\n<p class=\"has-black-color has-text-color\" style=\"font-size:18px\">Durante diversas etapas en mi vida, he sido ejecutante de danza en diversos foros, he pertenecido a diferentes agrupaciones y compa\u00f1ias en M\u00e9xico e interpretado bajo la direcci\u00f3n de diversos coreogr\u00e1fos de talla internacional como V\u00edctor Ruiz, Claudia Lavista, Rafael Carl\u00edn y Lola Lince entre otros.<\/p>\n<\/div><\/div>\n\n\n\n<hr class=\"wp-block-separator\"\/>\n\n\n<div id=\"su_slider_69ef51e90f8b1\" class=\"su-slider su-slider-centered su-slider-pages-yes su-slider-responsive-yes\" style=\"width:100%\" data-autoplay=\"6000\" data-speed=\"700\" data-mousewheel=\"true\"><div class=\"su-slider-slides\"><div class=\"su-slider-slide\"><a><img decoding=\"async\" src=\"http:\/\/www.veragallegos.com\/hm\/wp-content\/uploads\/2017\/10\/x11-950x658.jpg\" alt=\"11\" \/><\/a><\/div><div class=\"su-slider-slide\"><a><img decoding=\"async\" src=\"http:\/\/www.veragallegos.com\/hm\/wp-content\/uploads\/2017\/10\/La-caida-05-950x658.jpg\" alt=\"La caida 05\" \/><\/a><\/div><div class=\"su-slider-slide\"><a><img decoding=\"async\" src=\"http:\/\/www.veragallegos.com\/hm\/wp-content\/uploads\/2017\/10\/fascia-950x658.jpg\" alt=\"fascia\" \/><\/a><\/div><div class=\"su-slider-slide\"><a><img decoding=\"async\" src=\"http:\/\/www.veragallegos.com\/hm\/wp-content\/uploads\/2017\/10\/x15-950x658.jpg\" alt=\"x15\" \/><\/a><\/div><div class=\"su-slider-slide\"><a><img decoding=\"async\" src=\"http:\/\/www.veragallegos.com\/hm\/wp-content\/uploads\/2017\/10\/x1-950x658.jpg\" alt=\"x1\" \/><\/a><\/div><div class=\"su-slider-slide\"><a><img decoding=\"async\" src=\"http:\/\/www.veragallegos.com\/hm\/wp-content\/uploads\/2017\/10\/5-misterios-950x658.jpg\" alt=\"5 misterios\" \/><\/a><\/div><div class=\"su-slider-slide\"><a><img decoding=\"async\" src=\"http:\/\/www.veragallegos.com\/hm\/wp-content\/uploads\/2017\/10\/limites-950x658.jpg\" alt=\"limites\" \/><\/a><\/div><div class=\"su-slider-slide\"><a><img decoding=\"async\" src=\"http:\/\/www.veragallegos.com\/hm\/wp-content\/uploads\/2017\/10\/epdm-950x658.jpg\" alt=\"epdm\" \/><\/a><\/div><div class=\"su-slider-slide\"><a><img decoding=\"async\" src=\"http:\/\/www.veragallegos.com\/hm\/wp-content\/uploads\/2017\/10\/lalibido-950x658.jpg\" alt=\"lalibido\" \/><\/a><\/div><\/div><div class=\"su-slider-nav\"><div class=\"su-slider-direction\"><span class=\"su-slider-prev\"><\/span><span class=\"su-slider-next\"><\/span><\/div><div class=\"su-slider-pagination\"><\/div><\/div><\/div>","protected":false},"excerpt":{"rendered":"","protected":false},"author":2,"featured_media":0,"parent":0,"menu_order":0,"comment_status":"closed","ping_status":"closed","template":"","meta":{"footnotes":""},"class_list":["post-1031","page","type-page","status-publish","hentry"],"_links":{"self":[{"href":"http:\/\/www.veragallegos.com\/hm\/wp-json\/wp\/v2\/pages\/1031","targetHints":{"allow":["GET"]}}],"collection":[{"href":"http:\/\/www.veragallegos.com\/hm\/wp-json\/wp\/v2\/pages"}],"about":[{"href":"http:\/\/www.veragallegos.com\/hm\/wp-json\/wp\/v2\/types\/page"}],"author":[{"embeddable":true,"href":"http:\/\/www.veragallegos.com\/hm\/wp-json\/wp\/v2\/users\/2"}],"replies":[{"embeddable":true,"href":"http:\/\/www.veragallegos.com\/hm\/wp-json\/wp\/v2\/comments?post=1031"}],"version-history":[{"count":22,"href":"http:\/\/www.veragallegos.com\/hm\/wp-json\/wp\/v2\/pages\/1031\/revisions"}],"predecessor-version":[{"id":1827,"href":"http:\/\/www.veragallegos.com\/hm\/wp-json\/wp\/v2\/pages\/1031\/revisions\/1827"}],"wp:attachment":[{"href":"http:\/\/www.veragallegos.com\/hm\/wp-json\/wp\/v2\/media?parent=1031"}],"curies":[{"name":"wp","href":"https:\/\/api.w.org\/{rel}","templated":true}]}}