{"id":43,"date":"2017-01-07T06:38:44","date_gmt":"2017-01-07T12:38:44","guid":{"rendered":"http:\/\/www.contenidosdinamicos.com.mx\/vera_bmhm\/?page_id=43"},"modified":"2022-05-04T22:17:11","modified_gmt":"2022-05-05T03:17:11","slug":"talleres-para-ninos-y-familia","status":"publish","type":"page","link":"http:\/\/www.veragallegos.com\/hm\/talleres-para-ninos-y-familia\/","title":{"rendered":"Talleres"},"content":{"rendered":"<\/p>\n\n\n\n<hr class=\"wp-block-separator\"\/>\n\n\n\n<div class=\"wp-block-cover is-light\" style=\"min-height:180px;aspect-ratio:unset;\"><span aria-hidden=\"true\" class=\"has-white-background-color has-background-dim-70 wp-block-cover__gradient-background has-background-dim\"><\/span><img loading=\"lazy\" decoding=\"async\" width=\"750\" height=\"502\" class=\"wp-block-cover__image-background wp-image-997\" alt=\"\" src=\"http:\/\/www.veragallegos.com\/hm\/wp-content\/uploads\/2022\/01\/momo1.jpg\" style=\"object-position:41% 33%\" data-object-fit=\"cover\" data-object-position=\"41% 33%\" srcset=\"http:\/\/www.veragallegos.com\/hm\/wp-content\/uploads\/2022\/01\/momo1.jpg 750w, http:\/\/www.veragallegos.com\/hm\/wp-content\/uploads\/2022\/01\/momo1-300x201.jpg 300w\" sizes=\"auto, (max-width: 750px) 100vw, 750px\" \/><div class=\"wp-block-cover__inner-container is-layout-flow wp-block-cover-is-layout-flow\">\n<h2 class=\"has-text-align-center wp-block-heading\" id=\"diseno-e-imparto-talleres-para-ninos-y-familias-combinando-mis-conocimientos-corporales-y-artisticos-con-temas-especificos\" style=\"font-style:normal;font-weight:500\">Dise\u00f1o e imparto <strong>talleres para ni\u00f1os y familias<\/strong>, combinando mis conocimientos corporales y art\u00edsticos con temas espec\u00edficos.<\/h2>\n<\/div><\/div>\n\n\n\n<hr class=\"wp-block-separator\"\/>\n\n\n\n<h4 class=\"has-text-align-center wp-block-heading\" id=\"ejercitarte-bailando-bailar-es-un-estupendo-ejercicio\" style=\"font-style:normal;font-weight:500\"><strong>\u201cEJERCITARTE BAILANDO\u201d<\/strong><br><em>\u00a1Bailar es un estupendo ejercicio!<\/em><\/h4>\n\n\n\n<p class=\"has-text-align-center has-black-color has-text-color\" id=\"ninos-de-3-a-6-anos\" style=\"font-size:16px\"><em>Ni\u00f1os de 3 a 6 a\u00f1os<\/em><\/p>\n\n\n\n<ul class=\"has-black-color has-text-color wp-block-list\" style=\"font-size:18px\"><li>Conoce la historia de los<em> deportes y la danza mientras representas algunas culturas antiguas.<\/em><\/li><li><em>En \u00e9ste taller usar\u00e1s distintos vestuarios, instrumento y objetos.<\/em><\/li><li><em>Te ejercitar\u00e1s mientras aprendes interesantes datos.<\/em><\/li><\/ul>\n\n\n\n<p><\/p>\n\n\n\n<figure class=\"wp-block-embed aligncenter is-type-video is-provider-youtube wp-block-embed-youtube wp-embed-aspect-16-9 wp-has-aspect-ratio\"><div class=\"wp-block-embed__wrapper\">\n<iframe loading=\"lazy\" title=\"&quot;EjercitArte Bailando&quot; Papirolas  2017\" width=\"640\" height=\"360\" src=\"https:\/\/www.youtube.com\/embed\/kqBo-KjWGiE?feature=oembed\" frameborder=\"0\" allow=\"accelerometer; autoplay; clipboard-write; encrypted-media; gyroscope; picture-in-picture; web-share\" referrerpolicy=\"strict-origin-when-cross-origin\" allowfullscreen><\/iframe>\n<\/div><\/figure>\n\n\n\n<hr class=\"wp-block-separator\"\/>\n\n\n\n<h4 class=\"has-text-align-center wp-block-heading\" id=\"el-universo-en-el-cuerpo-el-espacio-esta-lleno-de-movimiento-el-planeta-en-el-que-vivimos-tambien\" style=\"font-style:normal;font-weight:500\"><strong>\u201cEL UNIVERSO EN EL CUERPO\u201d<\/strong><br><em>El espacio est\u00e1 lleno de movimiento, el planeta en el que vivimos \u00a1tambi\u00e9n!<\/em><\/h4>\n\n\n\n<p class=\"has-text-align-center has-black-color has-text-color\" style=\"font-size:16px\"><em>Ni\u00f1os de 3 a 6 a\u00f1os<\/em><\/p>\n\n\n\n<ul class=\"has-black-color has-text-color wp-block-list\" style=\"font-size:18px\"><li>Conoce los movimientos planetarios utilizando tu cuerpo.<\/li><li>Siente, huele y escucha las estaciones del a\u00f1o.<\/li><li>Ser\u00e1 una forma divertida, r\u00edtmica y original para aprender y no olvidar nunca.<\/li><\/ul>\n\n\n\n<figure class=\"wp-block-embed aligncenter is-type-video is-provider-youtube wp-block-embed-youtube wp-embed-aspect-16-9 wp-has-aspect-ratio\"><div class=\"wp-block-embed__wrapper\">\n<iframe loading=\"lazy\" title=\"El Universo en el Cuerpo PAPIROLAS 2016\" width=\"640\" height=\"360\" src=\"https:\/\/www.youtube.com\/embed\/ZLSn5zWjeOw?feature=oembed\" frameborder=\"0\" allow=\"accelerometer; autoplay; clipboard-write; encrypted-media; gyroscope; picture-in-picture; web-share\" referrerpolicy=\"strict-origin-when-cross-origin\" allowfullscreen><\/iframe>\n<\/div><\/figure>\n\n\n\n<hr class=\"wp-block-separator\"\/>\n\n\n\n<h4 class=\"has-text-align-center wp-block-heading\" id=\"matematicas-bailadas-las-matematicas-son-un-lenguaje-como-la-danza\" style=\"font-style:normal;font-weight:500\"><strong>\u201cMATEM\u00c1TICAS BAILADAS\u201d<\/strong><br><em>\u00a1Las matem\u00e1ticas son un lenguaje como la danza!<\/em><\/h4>\n\n\n\n<p class=\"has-text-align-center has-black-color has-text-color\" style=\"font-size:16px\"><em>Ni\u00f1os de 3 a 6 a\u00f1os<\/em><\/p>\n\n\n\n<ul class=\"has-black-color has-text-color wp-block-list\" style=\"font-size:18px\"><li>Baila con ritmo de los n\u00fameros. <\/li><li>Identifica las figuras geom\u00e9tricas que puedes formar al bailar.<\/li><li>Mu\u00e9vete mientras disfrutas de contar.<\/li><\/ul>\n\n\n\n<figure class=\"wp-block-embed aligncenter is-type-video is-provider-vimeo wp-block-embed-vimeo wp-embed-aspect-16-9 wp-has-aspect-ratio\"><div class=\"wp-block-embed__wrapper\">\n<iframe loading=\"lazy\" title=\"Matem\u00e1ticas Bailadas (Papirolas 2015)\" src=\"https:\/\/player.vimeo.com\/video\/145656572?dnt=1&amp;app_id=122963\" width=\"640\" height=\"360\" frameborder=\"0\" allow=\"autoplay; fullscreen; picture-in-picture; clipboard-write\"><\/iframe>\n<\/div><\/figure>\n\n\n\n<hr class=\"wp-block-separator\"\/>\n\n\n\n<div class=\"wp-block-buttons is-content-justification-center is-layout-flex wp-container-core-buttons-is-layout-16018d1d wp-block-buttons-is-layout-flex\">\n<div class=\"wp-block-button aligncenter has-custom-width wp-block-button__width-75 has-custom-font-size has-medium-font-size\"><a class=\"wp-block-button__link has-white-color has-black-background-color has-text-color has-background\" href=\"http:\/\/www.veragallegos.com\/hm\/es\/contacto\/\" target=\"_blank\" rel=\"noreferrer noopener\">\u00bfDeseas saber m\u00e1s sobre los talleres? Escr\u00edbeme.<\/a><\/div>\n<\/div>\n\n\n\n<hr class=\"wp-block-separator\"\/>\n\n\n<div id=\"su_slider_69ef517c97140\" class=\"su-slider su-slider-centered su-slider-pages-yes su-slider-responsive-yes\" style=\"width:100%\" data-autoplay=\"6000\" data-speed=\"700\" data-mousewheel=\"true\"><div class=\"su-slider-slides\"><div class=\"su-slider-slide\"><a><img decoding=\"async\" src=\"http:\/\/www.veragallegos.com\/hm\/wp-content\/uploads\/2017\/10\/Papirolas-2017-950x658.jpg\" alt=\"Papirolas 2017\" \/><\/a><\/div><div class=\"su-slider-slide\"><a><img decoding=\"async\" src=\"http:\/\/www.veragallegos.com\/hm\/wp-content\/uploads\/2017\/10\/Papirolas-2017-06-950x658.jpg\" alt=\"Papirolas 2017 06\" \/><\/a><\/div><div class=\"su-slider-slide\"><a><img decoding=\"async\" src=\"http:\/\/www.veragallegos.com\/hm\/wp-content\/uploads\/2017\/10\/momo-04-950x658.jpg\" alt=\"momo 04\" \/><\/a><\/div><div class=\"su-slider-slide\"><a><img decoding=\"async\" src=\"http:\/\/www.veragallegos.com\/hm\/wp-content\/uploads\/2017\/10\/Papirolas-2016-02-950x658.jpg\" alt=\"Papirolas 2016 02\" \/><\/a><\/div><div class=\"su-slider-slide\"><a><img decoding=\"async\" src=\"http:\/\/www.veragallegos.com\/hm\/wp-content\/uploads\/2017\/10\/Papirolas-2015-01-950x658.jpg\" alt=\"Papirolas 2015 01\" \/><\/a><\/div><div class=\"su-slider-slide\"><a><img decoding=\"async\" src=\"http:\/\/www.veragallegos.com\/hm\/wp-content\/uploads\/2017\/10\/Papirolas-2017-04-950x658.jpg\" alt=\"Papirolas 2017 04\" \/><\/a><\/div><div class=\"su-slider-slide\"><a><img decoding=\"async\" src=\"http:\/\/www.veragallegos.com\/hm\/wp-content\/uploads\/2017\/10\/Papirolas-2015-950x658.jpg\" alt=\"Papirolas 2015\" \/><\/a><\/div><div class=\"su-slider-slide\"><a><img decoding=\"async\" src=\"http:\/\/www.veragallegos.com\/hm\/wp-content\/uploads\/2017\/10\/momo-02-950x658.jpg\" alt=\"momo 02\" \/><\/a><\/div><div class=\"su-slider-slide\"><a><img decoding=\"async\" src=\"http:\/\/www.veragallegos.com\/hm\/wp-content\/uploads\/2017\/10\/Papirolas-2017-02-950x658.jpg\" alt=\"Papirolas 2017 02\" \/><\/a><\/div><div class=\"su-slider-slide\"><a><img decoding=\"async\" src=\"http:\/\/www.veragallegos.com\/hm\/wp-content\/uploads\/2017\/10\/Papirolas-2017-03-950x658.jpg\" alt=\"Papirolas 2017 03\" \/><\/a><\/div><div class=\"su-slider-slide\"><a><img decoding=\"async\" src=\"http:\/\/www.veragallegos.com\/hm\/wp-content\/uploads\/2017\/10\/Papirolas-2017-01-950x658.jpg\" alt=\"Papirolas 2017 01\" \/><\/a><\/div><div class=\"su-slider-slide\"><a><img decoding=\"async\" src=\"http:\/\/www.veragallegos.com\/hm\/wp-content\/uploads\/2017\/10\/momo-950x658.jpg\" alt=\"momo\" \/><\/a><\/div><div class=\"su-slider-slide\"><a><img decoding=\"async\" src=\"http:\/\/www.veragallegos.com\/hm\/wp-content\/uploads\/2017\/10\/Papirolas-2016-03-950x658.jpg\" alt=\"Papirolas 2016 03\" \/><\/a><\/div><div class=\"su-slider-slide\"><a><img decoding=\"async\" src=\"http:\/\/www.veragallegos.com\/hm\/wp-content\/uploads\/2017\/10\/Papirolas-2015-02-950x658.jpg\" alt=\"Papirolas 2015 02\" \/><\/a><\/div><\/div><div class=\"su-slider-nav\"><div class=\"su-slider-direction\"><span class=\"su-slider-prev\"><\/span><span class=\"su-slider-next\"><\/span><\/div><div class=\"su-slider-pagination\"><\/div><\/div><\/div>","protected":false},"excerpt":{"rendered":"<p>\u201cEJERCITARTE BAILANDO\u201d\u00a1Bailar es un estupendo ejercicio! Ni\u00f1os de 3 a 6 a\u00f1os Conoce la historia de los deportes y la danza mientras representas algunas culturas antiguas. En \u00e9ste taller usar\u00e1s distintos vestuarios, instrumento y objetos. Te ejercitar\u00e1s mientras aprendes interesantes datos. \u201cEL UNIVERSO EN EL CUERPO\u201dEl espacio est\u00e1 lleno de movimiento, el planeta en el<br \/><a class=\"btn btn-tislider blog-readmore\" href=\"http:\/\/www.veragallegos.com\/hm\/talleres-para-ninos-y-familia\/\">Leer m\u00e1s<\/a><\/p>\n","protected":false},"author":1,"featured_media":0,"parent":0,"menu_order":0,"comment_status":"closed","ping_status":"closed","template":"","meta":{"footnotes":""},"class_list":["post-43","page","type-page","status-publish","hentry"],"_links":{"self":[{"href":"http:\/\/www.veragallegos.com\/hm\/wp-json\/wp\/v2\/pages\/43","targetHints":{"allow":["GET"]}}],"collection":[{"href":"http:\/\/www.veragallegos.com\/hm\/wp-json\/wp\/v2\/pages"}],"about":[{"href":"http:\/\/www.veragallegos.com\/hm\/wp-json\/wp\/v2\/types\/page"}],"author":[{"embeddable":true,"href":"http:\/\/www.veragallegos.com\/hm\/wp-json\/wp\/v2\/users\/1"}],"replies":[{"embeddable":true,"href":"http:\/\/www.veragallegos.com\/hm\/wp-json\/wp\/v2\/comments?post=43"}],"version-history":[{"count":192,"href":"http:\/\/www.veragallegos.com\/hm\/wp-json\/wp\/v2\/pages\/43\/revisions"}],"predecessor-version":[{"id":2070,"href":"http:\/\/www.veragallegos.com\/hm\/wp-json\/wp\/v2\/pages\/43\/revisions\/2070"}],"wp:attachment":[{"href":"http:\/\/www.veragallegos.com\/hm\/wp-json\/wp\/v2\/media?parent=43"}],"curies":[{"name":"wp","href":"https:\/\/api.w.org\/{rel}","templated":true}]}}